{"id":7089,"date":"2024-04-22T09:52:14","date_gmt":"2024-04-22T09:52:14","guid":{"rendered":"https:\/\/globalanabaptisthealthnetwork.org\/?page_id=7089"},"modified":"2024-09-02T23:43:47","modified_gmt":"2024-09-02T23:43:47","slug":"noticias-eventos","status":"publish","type":"page","link":"https:\/\/globalanabaptisthealthnetwork.org\/en\/noticias-eventos\/","title":{"rendered":"News \/ Events"},"content":{"rendered":"<div data-elementor-type=\"wp-page\" data-elementor-id=\"7089\" class=\"elementor elementor-7089\" data-elementor-post-type=\"page\">\n\t\t\t\t\t\t<section class=\"elementor-section elementor-top-section elementor-element elementor-element-280b311 elementor-section-boxed elementor-section-height-default elementor-section-height-default\" data-id=\"280b311\" data-element_type=\"section\">\n\t\t\t\t\t\t<div class=\"elementor-container elementor-column-gap-default\">\n\t\t\t\t\t<div class=\"elementor-column elementor-col-100 elementor-top-column elementor-element elementor-element-d3645c9\" data-id=\"d3645c9\" data-element_type=\"column\" data-settings=\"{&quot;background_background&quot;:&quot;classic&quot;}\">\n\t\t\t<div class=\"elementor-widget-wrap elementor-element-populated\">\n\t\t\t\t\t\t<div class=\"elementor-element elementor-element-57a33b5 elementor-widget elementor-widget-heading\" data-id=\"57a33b5\" data-element_type=\"widget\" data-widget_type=\"heading.default\">\n\t\t\t\t<div class=\"elementor-widget-container\">\n\t\t\t<style>\/*! elementor - v3.19.0 - 07-02-2024 *\/\n.elementor-heading-title{padding:0;margin:0;line-height:1}.elementor-widget-heading .elementor-heading-title[class*=elementor-size-]>a{color:inherit;font-size:inherit;line-height:inherit}.elementor-widget-heading .elementor-heading-title.elementor-size-small{font-size:15px}.elementor-widget-heading .elementor-heading-title.elementor-size-medium{font-size:19px}.elementor-widget-heading .elementor-heading-title.elementor-size-large{font-size:29px}.elementor-widget-heading .elementor-heading-title.elementor-size-xl{font-size:39px}.elementor-widget-heading .elementor-heading-title.elementor-size-xxl{font-size:59px}<\/style><h2 class=\"elementor-heading-title elementor-size-default\">News \/ Events<\/h2>\t\t<\/div>\n\t\t\t\t<\/div>\n\t\t\t\t\t<\/div>\n\t\t<\/div>\n\t\t\t\t\t<\/div>\n\t\t<\/section>\n\t\t\t\t<section class=\"elementor-section elementor-top-section elementor-element elementor-element-dca4dfe elementor-section-boxed elementor-section-height-default elementor-section-height-default\" data-id=\"dca4dfe\" data-element_type=\"section\">\n\t\t\t\t\t\t<div class=\"elementor-container elementor-column-gap-default\">\n\t\t\t\t\t<div class=\"elementor-column elementor-col-100 elementor-top-column elementor-element elementor-element-ad56806\" data-id=\"ad56806\" data-element_type=\"column\">\n\t\t\t<div class=\"elementor-widget-wrap elementor-element-populated\">\n\t\t\t\t\t\t<div class=\"elementor-element elementor-element-a60c7e4 elementor-widget elementor-widget-image\" data-id=\"a60c7e4\" data-element_type=\"widget\" data-widget_type=\"image.default\">\n\t\t\t\t<div class=\"elementor-widget-container\">\n\t\t\t<style>\/*! elementor - v3.19.0 - 07-02-2024 *\/\n.elementor-widget-image{text-align:center}.elementor-widget-image a{display:inline-block}.elementor-widget-image a img[src$=\".svg\"]{width:48px}.elementor-widget-image img{vertical-align:middle;display:inline-block}<\/style>\t\t\t\t\t\t\t\t\t\t<img fetchpriority=\"high\" decoding=\"async\" width=\"800\" height=\"639\" src=\"https:\/\/globalanabaptisthealthnetwork.org\/wp-content\/uploads\/2024\/06\/WhatsApp-Image-2024-06-10-at-8.45.44-PM-1024x818.jpeg\" class=\"attachment-large size-large wp-image-7290\" alt=\"\" srcset=\"https:\/\/globalanabaptisthealthnetwork.org\/wp-content\/uploads\/2024\/06\/WhatsApp-Image-2024-06-10-at-8.45.44-PM-1024x818.jpeg 1024w, https:\/\/globalanabaptisthealthnetwork.org\/wp-content\/uploads\/2024\/06\/WhatsApp-Image-2024-06-10-at-8.45.44-PM-300x240.jpeg 300w, https:\/\/globalanabaptisthealthnetwork.org\/wp-content\/uploads\/2024\/06\/WhatsApp-Image-2024-06-10-at-8.45.44-PM-768x614.jpeg 768w, https:\/\/globalanabaptisthealthnetwork.org\/wp-content\/uploads\/2024\/06\/WhatsApp-Image-2024-06-10-at-8.45.44-PM-15x12.jpeg 15w, https:\/\/globalanabaptisthealthnetwork.org\/wp-content\/uploads\/2024\/06\/WhatsApp-Image-2024-06-10-at-8.45.44-PM.jpeg 1079w\" sizes=\"(max-width: 800px) 100vw, 800px\" \/>\t\t\t\t\t\t\t\t\t\t\t\t\t<\/div>\n\t\t\t\t<\/div>\n\t\t\t\t\t<\/div>\n\t\t<\/div>\n\t\t\t\t\t<\/div>\n\t\t<\/section>\n\t\t\t\t<section class=\"elementor-section elementor-top-section elementor-element elementor-element-d2e9bbb elementor-section-boxed elementor-section-height-default elementor-section-height-default\" data-id=\"d2e9bbb\" data-element_type=\"section\">\n\t\t\t\t\t\t<div class=\"elementor-container elementor-column-gap-default\">\n\t\t\t\t\t<div class=\"elementor-column elementor-col-100 elementor-top-column elementor-element elementor-element-c022b97\" data-id=\"c022b97\" data-element_type=\"column\">\n\t\t\t<div class=\"elementor-widget-wrap elementor-element-populated\">\n\t\t\t\t\t\t<div class=\"elementor-element elementor-element-faa649c elementor-widget elementor-widget-text-editor\" data-id=\"faa649c\" data-element_type=\"widget\" data-widget_type=\"text-editor.default\">\n\t\t\t\t<div class=\"elementor-widget-container\">\n\t\t\t<style>\/*! elementor - v3.19.0 - 07-02-2024 *\/\n.elementor-widget-text-editor.elementor-drop-cap-view-stacked .elementor-drop-cap{background-color:#69727d;color:#fff}.elementor-widget-text-editor.elementor-drop-cap-view-framed .elementor-drop-cap{color:#69727d;border:3px solid;background-color:transparent}.elementor-widget-text-editor:not(.elementor-drop-cap-view-default) .elementor-drop-cap{margin-top:8px}.elementor-widget-text-editor:not(.elementor-drop-cap-view-default) .elementor-drop-cap-letter{width:1em;height:1em}.elementor-widget-text-editor .elementor-drop-cap{float:left;text-align:center;line-height:1;font-size:50px}.elementor-widget-text-editor .elementor-drop-cap-letter{display:inline-block}<\/style>\t\t\t\t<div class=\"xdj266r x11i5rnm xat24cr x1mh8g0r x1vvkbs\" style=\"margin: 0px; overflow-wrap: break-word; font-family: inherit;\">Healthcare providers who seek to keep their faith forefront in what they do while pursuing ethical, evidence-based care are challenged on every front in today&#039;s profit-focused, hectic healthcare system. Even if we can articulate what a Christian and Anabaptist approach to providing healthcare for those who seek our care \u2013 how do we actually live that ethic when confronted with intractable systems of power and profit?<br class=\"html-br\">80 years ago a group of Anabaptist nurses and a group of physicians gathered together to ask these very same questions \u2013 and although the context has certainly changed, the urgency and need to come together and encourage one another in our discernment and living of Anabaptist ethics and values in healthcare have remained as vital as ever.<\/div>\n<div class=\"x11i5rnm xat24cr x1mh8g0r x1vvkbs xtlvy1s\" style=\"margin: 0.5em 0px 0px; overflow-wrap: break-word; font-family: inherit;\">Join Mennonite Healthcare Fellowship for our 80th Anniversary Annual Gathering to honor and learn from those who have been living an Anabaptist healthcare ethic for many years and those who are creatively discovering new ways to live their faith in healthcare practice today as young professionals and pioneers in their fields. Attendees reflect that Annual Gathering is a turning point in their careers in being able to be fully themselves in all the spaces they go: Anabaptist and dedicated health professionals.<br class=\"html-br\">Every MHF Annual Gathering involves powerful singing and worship, wonderful keynote speakers, activities around Laurelville and in nature, shared meals and laughter, and a chance to connect deeply with those who share your values, your faith, and your passion for caring through others through healthcare.<\/div>\n<div class=\"x11i5rnm xat24cr x1mh8g0r x1vvkbs xtlvy1s\" style=\"margin: 0.5em 0px 0px; overflow-wrap: break-word; font-family: inherit;\">Tentative Schedule:<\/div>\n<div class=\"x11i5rnm xat24cr x1mh8g0r x1vvkbs xtlvy1s\" style=\"margin: 0.5em 0px 0px; overflow-wrap: break-word; font-family: inherit;\">Friday, September 27th, 2024<\/div>\n<div class=\"x11i5rnm xat24cr x1mh8g0r x1vvkbs xtlvy1s\" style=\"margin: 0.5em 0px 0px; overflow-wrap: break-word; font-family: inherit;\">3:00-7:00 PM Registration\/Check-In<\/div>\n<div class=\"x11i5rnm xat24cr x1mh8g0r x1vvkbs xtlvy1s\" style=\"margin: 0.5em 0px 0px; overflow-wrap: break-word; font-family: inherit;\">Coffee &amp; Snacks will be available throughout the afternoon.<\/div>\n<div class=\"x11i5rnm xat24cr x1mh8g0r x1vvkbs xtlvy1s\" style=\"margin: 0.5em 0px 0px; overflow-wrap: break-word; font-family: inherit;\">4:00 \u2013 Reception to Honor Legacy Members<\/div>\n<div class=\"x11i5rnm xat24cr x1mh8g0r x1vvkbs xtlvy1s\" style=\"margin: 0.5em 0px 0px; overflow-wrap: break-word; font-family: inherit;\">MHF Legacy Members (former members of MMA or MNA) are specially welcomed to a reception to visit with one another, fellowship with the MHF board, and discuss the ongoing legacy of MMA\/MNA.<\/div>\n<div class=\"x11i5rnm xat24cr x1mh8g0r x1vvkbs xtlvy1s\" style=\"margin: 0.5em 0px 0px; overflow-wrap: break-word; font-family: inherit;\">Coffee and Light Hors D&#039;Ouvres will be provided.<\/div>\n<div class=\"x11i5rnm xat24cr x1mh8g0r x1vvkbs xtlvy1s\" style=\"margin: 0.5em 0px 0px; overflow-wrap: break-word; font-family: inherit;\">5:00-6:30 PM Dinner and Fellowship<\/div>\n<div class=\"x11i5rnm xat24cr x1mh8g0r x1vvkbs xtlvy1s\" style=\"margin: 0.5em 0px 0px; overflow-wrap: break-word; font-family: inherit;\">Meals will be provided by Laurelville Retreat Center and are fully included in the Registration contributions for Annual Gathering. You will have an opportunity to note any special dietary requirements at the time of registration.<\/div>\n<div class=\"x11i5rnm xat24cr x1mh8g0r x1vvkbs xtlvy1s\" style=\"margin: 0.5em 0px 0px; overflow-wrap: break-word; font-family: inherit;\">6:30-7 PM Worship &amp; Welcome by MHF Board<\/div>\n<div class=\"x11i5rnm xat24cr x1mh8g0r x1vvkbs xtlvy1s\" style=\"margin: 0.5em 0px 0px; overflow-wrap: break-word; font-family: inherit;\">7-8:30 Opening Plenary Session<\/div>\n<div class=\"x11i5rnm xat24cr x1mh8g0r x1vvkbs xtlvy1s\" style=\"margin: 0.5em 0px 0px; overflow-wrap: break-word; font-family: inherit;\">&nbsp;<\/div>\n<div class=\"x11i5rnm xat24cr x1mh8g0r x1vvkbs xtlvy1s\" style=\"margin: 0.5em 0px 0px; overflow-wrap: break-word; font-family: inherit;\">Saturday, September 28th, 2024<\/div>\n<div class=\"x11i5rnm xat24cr x1mh8g0r x1vvkbs xtlvy1s\" style=\"margin: 0.5em 0px 0px; overflow-wrap: break-word; font-family: inherit;\">8:30-9:30 Breakfast<\/div>\n<div class=\"x11i5rnm xat24cr x1mh8g0r x1vvkbs xtlvy1s\" style=\"margin: 0.5em 0px 0px; overflow-wrap: break-word; font-family: inherit;\">9:30 AM Worship<\/div>\n<div class=\"x11i5rnm xat24cr x1mh8g0r x1vvkbs xtlvy1s\" style=\"margin: 0.5em 0px 0px; overflow-wrap: break-word; font-family: inherit;\">10-11:30 Plenary Session &amp; Talkback<\/div>\n<div class=\"x11i5rnm xat24cr x1mh8g0r x1vvkbs xtlvy1s\" style=\"margin: 0.5em 0px 0px; overflow-wrap: break-word; font-family: inherit;\">12:30 PM Lunch<\/div>\n<div class=\"x11i5rnm xat24cr x1mh8g0r x1vvkbs xtlvy1s\" style=\"margin: 0.5em 0px 0px; overflow-wrap: break-word; font-family: inherit;\">1:30-3:00 PM Simultaneous Sessions<\/div>\n<div class=\"x11i5rnm xat24cr x1mh8g0r x1vvkbs xtlvy1s\" style=\"margin: 0.5em 0px 0px; overflow-wrap: break-word; font-family: inherit;\">Choose from 3 Presentations and Sessions based on your own interests. Or take time to Fellowship and enjoy the outdoors!<\/div>\n<div class=\"x11i5rnm xat24cr x1mh8g0r x1vvkbs xtlvy1s\" style=\"margin: 0.5em 0px 0px; overflow-wrap: break-word; font-family: inherit;\">3:00-3:30 Break and Coffee, Snack<\/div>\n<div class=\"x11i5rnm xat24cr x1mh8g0r x1vvkbs xtlvy1s\" style=\"margin: 0.5em 0px 0px; overflow-wrap: break-word; font-family: inherit;\">3:30-5:00 PM Simultaneous Sessions<\/div>\n<div class=\"x11i5rnm xat24cr x1mh8g0r x1vvkbs xtlvy1s\" style=\"margin: 0.5em 0px 0px; overflow-wrap: break-word; font-family: inherit;\">5:30-6:30 PM Gala Dinner<\/div>\n<div class=\"x11i5rnm xat24cr x1mh8g0r x1vvkbs xtlvy1s\" style=\"margin: 0.5em 0px 0px; overflow-wrap: break-word; font-family: inherit;\">6:30-8:00 PM Evening Worship, 1st Annual MHF Legacy Awards &amp; Horizon Awards Ceremony (more information and nomination forms coming soon!)<\/div>\n<div class=\"x11i5rnm xat24cr x1mh8g0r x1vvkbs xtlvy1s\" style=\"margin: 0.5em 0px 0px; overflow-wrap: break-word; font-family: inherit;\">8:00-9:30 PM Annual Saturday Ice Cream Social<\/div>\n<div class=\"x11i5rnm xat24cr x1mh8g0r x1vvkbs xtlvy1s\" style=\"margin: 0.5em 0px 0px; overflow-wrap: break-word; font-family: inherit;\">&nbsp;<\/div>\n<div class=\"x11i5rnm xat24cr x1mh8g0r x1vvkbs xtlvy1s\" style=\"margin: 0.5em 0px 0px; overflow-wrap: break-word; font-family: inherit;\">Sunday, September 29th, 2024<\/div>\n<div class=\"x11i5rnm xat24cr x1mh8g0r x1vvkbs xtlvy1s\" style=\"margin: 0.5em 0px 0px; overflow-wrap: break-word; font-family: inherit;\">8:30 AM Breakfast<\/div>\n<div class=\"x11i5rnm xat24cr x1mh8g0r x1vvkbs xtlvy1s\" style=\"margin: 0.5em 0px 0px; overflow-wrap: break-word; font-family: inherit;\">9:30 AM Plenary Session<\/div>\n<div class=\"x11i5rnm xat24cr x1mh8g0r x1vvkbs xtlvy1s\" style=\"margin: 0.5em 0px 0px; overflow-wrap: break-word; font-family: inherit;\">10:30 AM Break with Coffee, Snacks<\/div>\n<div class=\"x11i5rnm xat24cr x1mh8g0r x1vvkbs xtlvy1s\" style=\"margin: 0.5em 0px 0px; overflow-wrap: break-word; font-family: inherit;\">11 AM Worship, Communion, and Closing Remarks from MHF Director and Board<\/div>\n<div class=\"x11i5rnm xat24cr x1mh8g0r x1vvkbs xtlvy1s\" style=\"margin: 0.5em 0px 0px; overflow-wrap: break-word; font-family: inherit;\">12:30 PM Lunch &amp; Departure<\/div>\n<div class=\"x11i5rnm xat24cr x1mh8g0r x1vvkbs xtlvy1s\" style=\"margin: 0.5em 0px 0px; overflow-wrap: break-word; font-family: inherit;\">Throughout the weekend, additional activities will be available including:<\/div>\n<div class=\"x11i5rnm xat24cr x1mh8g0r x1vvkbs xtlvy1s\" style=\"margin: 0.5em 0px 0px; overflow-wrap: break-word; font-family: inherit;\">nature walks<\/div>\n<div class=\"x11i5rnm xat24cr x1mh8g0r x1vvkbs xtlvy1s\" style=\"margin: 0.5em 0px 0px; overflow-wrap: break-word; font-family: inherit;\">Art table<\/div>\n<div class=\"x11i5rnm xat24cr x1mh8g0r x1vvkbs xtlvy1s\" style=\"margin: 0.5em 0px 0px; overflow-wrap: break-word; font-family: inherit;\">Hot beverage\/snack station<\/div>\n<div class=\"x11i5rnm xat24cr x1mh8g0r x1vvkbs xtlvy1s\" style=\"margin: 0.5em 0px 0px; overflow-wrap: break-word; font-family: inherit;\">Dutch Blitz<\/div>\n<div class=\"x11i5rnm xat24cr x1mh8g0r x1vvkbs xtlvy1s\" style=\"margin: 0.5em 0px 0px; overflow-wrap: break-word; font-family: inherit;\">MHF\/MMA\/MNA Trivia Contest<\/div>\n<div class=\"x11i5rnm xat24cr x1mh8g0r x1vvkbs xtlvy1s\" style=\"margin: 0.5em 0px 0px; overflow-wrap: break-word; font-family: inherit;\">Contribute to and Make MHF Health Kits \u2013 Goal of 80 Kits Donated after Annual Gathering<\/div>\n<div class=\"x11i5rnm xat24cr x1mh8g0r x1vvkbs xtlvy1s\" style=\"margin: 0.5em 0px 0px; overflow-wrap: break-word; font-family: inherit;\">History Timeline \u2013 Contribute to the MMA\/MNA\/MHF History Timeline with your stories, reflections, and photographs<\/div>\n<div class=\"x11i5rnm xat24cr x1mh8g0r x1vvkbs xtlvy1s\" style=\"margin: 0.5em 0px 0px; overflow-wrap: break-word; font-family: inherit;\">Audio\/video\/journal\/photo reflection submissions including opportunities to be interviewed for the MennoHealth Podcast and Blog<\/div>\n<div class=\"x11i5rnm xat24cr x1mh8g0r x1vvkbs xtlvy1s\" style=\"margin: 0.5em 0px 0px; overflow-wrap: break-word; font-family: inherit;\">Music and Hymn Singing Circles<\/div>\n<div class=\"x11i5rnm xat24cr x1mh8g0r x1vvkbs xtlvy1s\" style=\"margin: 0.5em 0px 0px; overflow-wrap: break-word; font-family: inherit;\">&nbsp;<\/div>\n<div class=\"x11i5rnm xat24cr x1mh8g0r x1vvkbs xtlvy1s\" style=\"margin: 0.5em 0px 0px; overflow-wrap: break-word;\"><br><\/div><p><br><\/p><p><br><\/p><p><br><\/p><p><br><\/p><p><br><\/p><p><br><\/p><p><br><\/p><p><br><\/p><p><br><\/p><p><br><\/p><p><br><\/p><p><br><\/p><p><br><\/p><p><br><\/p>\t\t\t\t\t\t<\/div>\n\t\t\t\t<\/div>\n\t\t\t\t\t<\/div>\n\t\t<\/div>\n\t\t\t\t\t<\/div>\n\t\t<\/section>\n\t\t\t\t<section class=\"elementor-section elementor-top-section elementor-element elementor-element-64b8dd9 elementor-section-boxed elementor-section-height-default elementor-section-height-default\" data-id=\"64b8dd9\" data-element_type=\"section\">\n\t\t\t\t\t\t<div class=\"elementor-container elementor-column-gap-default\">\n\t\t\t\t\t<div class=\"elementor-column elementor-col-100 elementor-top-column elementor-element elementor-element-3a098c0\" data-id=\"3a098c0\" data-element_type=\"column\">\n\t\t\t<div class=\"elementor-widget-wrap elementor-element-populated\">\n\t\t\t\t\t\t<div class=\"elementor-element elementor-element-6083fae elementor-widget elementor-widget-image\" data-id=\"6083fae\" data-element_type=\"widget\" data-widget_type=\"image.default\">\n\t\t\t\t<div class=\"elementor-widget-container\">\n\t\t\t\t\t\t\t\t\t\t\t\t\t<img decoding=\"async\" width=\"800\" height=\"813\" src=\"https:\/\/globalanabaptisthealthnetwork.org\/wp-content\/uploads\/2024\/09\/WhatsApp-Image-2024-09-02-at-5.31.30-PM-1008x1024.jpeg\" class=\"attachment-large size-large wp-image-7331\" alt=\"\" srcset=\"https:\/\/globalanabaptisthealthnetwork.org\/wp-content\/uploads\/2024\/09\/WhatsApp-Image-2024-09-02-at-5.31.30-PM-1008x1024.jpeg 1008w, https:\/\/globalanabaptisthealthnetwork.org\/wp-content\/uploads\/2024\/09\/WhatsApp-Image-2024-09-02-at-5.31.30-PM-295x300.jpeg 295w, https:\/\/globalanabaptisthealthnetwork.org\/wp-content\/uploads\/2024\/09\/WhatsApp-Image-2024-09-02-at-5.31.30-PM-768x780.jpeg 768w, https:\/\/globalanabaptisthealthnetwork.org\/wp-content\/uploads\/2024\/09\/WhatsApp-Image-2024-09-02-at-5.31.30-PM-12x12.jpeg 12w, https:\/\/globalanabaptisthealthnetwork.org\/wp-content\/uploads\/2024\/09\/WhatsApp-Image-2024-09-02-at-5.31.30-PM.jpeg 1200w\" sizes=\"(max-width: 800px) 100vw, 800px\" \/>\t\t\t\t\t\t\t\t\t\t\t\t\t<\/div>\n\t\t\t\t<\/div>\n\t\t\t\t<div class=\"elementor-element elementor-element-e6d1eff elementor-widget elementor-widget-heading\" data-id=\"e6d1eff\" data-element_type=\"widget\" data-widget_type=\"heading.default\">\n\t\t\t\t<div class=\"elementor-widget-container\">\n\t\t\t<h4 class=\"elementor-heading-title elementor-size-default\">Dodanim Vasquez (presidente GAHN),Stanley W. Green y Sunoko Lin <\/h4>\t\t<\/div>\n\t\t\t\t<\/div>\n\t\t\t\t\t<\/div>\n\t\t<\/div>\n\t\t\t\t\t<\/div>\n\t\t<\/section>\n\t\t\t\t<section class=\"elementor-section elementor-top-section elementor-element elementor-element-b022a33 elementor-section-boxed elementor-section-height-default elementor-section-height-default\" data-id=\"b022a33\" data-element_type=\"section\">\n\t\t\t\t\t\t<div class=\"elementor-container elementor-column-gap-default\">\n\t\t\t\t\t<div class=\"elementor-column elementor-col-100 elementor-top-column elementor-element elementor-element-4d2c9a6\" data-id=\"4d2c9a6\" data-element_type=\"column\">\n\t\t\t<div class=\"elementor-widget-wrap elementor-element-populated\">\n\t\t\t\t\t\t<div class=\"elementor-element elementor-element-80df38f elementor-widget elementor-widget-text-editor\" data-id=\"80df38f\" data-element_type=\"widget\" data-widget_type=\"text-editor.default\">\n\t\t\t\t<div class=\"elementor-widget-container\">\n\t\t\t\t\t\t\t<p>El presidente de nuestra organizaci\u00f3n (GAHN)\u00a0<\/p><p>en un\u00a0 restaurante local de comida asi\u00e1tica en California, se reunieron a Stanley W. Green, Ministro Ejecutivo de la Conferencia Menonita del Suroeste del Pac\u00edfico y Sunoko Lin, quien es pastor en Reseda, adem\u00e1s de ser el Tesorero de la Conferencia Mundial Menonita por la participaci\u00f3n de una reuni\u00f3n edificante para el crecimiento de la red Global Anabaptist Health Network Para hablar sobre el sue\u00f1o de la red GAHN\u00a0 del congreso mundial Menonita y como puede seguir siendo\u00a0 \u00fatil para, conectar colaborar y servir juntos, en un mundo moderno desafiante qu\u00e9 plantea nuevos retos, y exige la colaboraci\u00f3n mutua.<\/p>\t\t\t\t\t\t<\/div>\n\t\t\t\t<\/div>\n\t\t\t\t\t<\/div>\n\t\t<\/div>\n\t\t\t\t\t<\/div>\n\t\t<\/section>\n\t\t\t\t<\/div>","protected":false},"excerpt":{"rendered":"<p>News \/ Events Healthcare providers who seek to keep their faith forefront in what they do while pursuing ethical, evidence-based care are challenged on every front in today&#039;s profit-focused, hectic healthcare system. Even if we can articulate what a Christian and Anabaptist approach to providing healthcare for those who seek our care \u2013 how do [\u2026]<\/p>","protected":false},"author":2,"featured_media":0,"parent":0,"menu_order":0,"comment_status":"closed","ping_status":"closed","template":"","meta":{"footnotes":""},"class_list":["post-7089","page","type-page","status-publish","hentry"],"_links":{"self":[{"href":"https:\/\/globalanabaptisthealthnetwork.org\/en\/wp-json\/wp\/v2\/pages\/7089","targetHints":{"allow":["GET"]}}],"collection":[{"href":"https:\/\/globalanabaptisthealthnetwork.org\/en\/wp-json\/wp\/v2\/pages"}],"about":[{"href":"https:\/\/globalanabaptisthealthnetwork.org\/en\/wp-json\/wp\/v2\/types\/page"}],"author":[{"embeddable":true,"href":"https:\/\/globalanabaptisthealthnetwork.org\/en\/wp-json\/wp\/v2\/users\/2"}],"replies":[{"embeddable":true,"href":"https:\/\/globalanabaptisthealthnetwork.org\/en\/wp-json\/wp\/v2\/comments?post=7089"}],"version-history":[{"count":13,"href":"https:\/\/globalanabaptisthealthnetwork.org\/en\/wp-json\/wp\/v2\/pages\/7089\/revisions"}],"predecessor-version":[{"id":7334,"href":"https:\/\/globalanabaptisthealthnetwork.org\/en\/wp-json\/wp\/v2\/pages\/7089\/revisions\/7334"}],"wp:attachment":[{"href":"https:\/\/globalanabaptisthealthnetwork.org\/en\/wp-json\/wp\/v2\/media?parent=7089"}],"curies":[{"name":"wp","href":"https:\/\/api.w.org\/{rel}","templated":true}]}}