{"id":5451,"date":"2023-06-06T09:48:36","date_gmt":"2023-06-06T09:48:36","guid":{"rendered":"https:\/\/globalanabaptisthealthnetwork.org\/?page_id=5451"},"modified":"2024-04-22T09:36:55","modified_gmt":"2024-04-22T09:36:55","slug":"sobre-nosotros","status":"publish","type":"page","link":"https:\/\/globalanabaptisthealthnetwork.org\/fr\/sobre-nosotros\/","title":{"rendered":"\u00c3\u20ac propos de nous"},"content":{"rendered":"<div data-elementor-type=\"wp-page\" data-elementor-id=\"5451\" class=\"elementor elementor-5451\" data-elementor-post-type=\"page\">\n\t\t\t\t\t\t<section class=\"elementor-section elementor-top-section elementor-element elementor-element-280b311 elementor-section-boxed elementor-section-height-default elementor-section-height-default\" data-id=\"280b311\" data-element_type=\"section\">\n\t\t\t\t\t\t<div class=\"elementor-container elementor-column-gap-default\">\n\t\t\t\t\t<div class=\"elementor-column elementor-col-100 elementor-top-column elementor-element elementor-element-d3645c9\" data-id=\"d3645c9\" data-element_type=\"column\" data-settings=\"{&quot;background_background&quot;:&quot;classic&quot;}\">\n\t\t\t<div class=\"elementor-widget-wrap elementor-element-populated\">\n\t\t\t\t\t\t<div class=\"elementor-element elementor-element-57a33b5 elementor-widget elementor-widget-heading\" data-id=\"57a33b5\" data-element_type=\"widget\" data-widget_type=\"heading.default\">\n\t\t\t\t<div class=\"elementor-widget-container\">\n\t\t\t<style>\/*! elementor - v3.19.0 - 07-02-2024 *\/\n.elementor-heading-title{padding:0;margin:0;line-height:1}.elementor-widget-heading .elementor-heading-title[class*=elementor-size-]>a{color:inherit;font-size:inherit;line-height:inherit}.elementor-widget-heading .elementor-heading-title.elementor-size-small{font-size:15px}.elementor-widget-heading .elementor-heading-title.elementor-size-medium{font-size:19px}.elementor-widget-heading .elementor-heading-title.elementor-size-large{font-size:29px}.elementor-widget-heading .elementor-heading-title.elementor-size-xl{font-size:39px}.elementor-widget-heading .elementor-heading-title.elementor-size-xxl{font-size:59px}<\/style><h2 class=\"elementor-heading-title elementor-size-default\">\u00c0 propos du GAHN<\/h2>\t\t<\/div>\n\t\t\t\t<\/div>\n\t\t\t\t\t<\/div>\n\t\t<\/div>\n\t\t\t\t\t<\/div>\n\t\t<\/section>\n\t\t\t\t<section class=\"elementor-section elementor-top-section elementor-element elementor-element-dca4dfe elementor-section-boxed elementor-section-height-default elementor-section-height-default\" data-id=\"dca4dfe\" data-element_type=\"section\">\n\t\t\t\t\t\t<div class=\"elementor-container elementor-column-gap-default\">\n\t\t\t\t\t<div class=\"elementor-column elementor-col-100 elementor-top-column elementor-element elementor-element-ad56806\" data-id=\"ad56806\" data-element_type=\"column\">\n\t\t\t<div class=\"elementor-widget-wrap elementor-element-populated\">\n\t\t\t\t\t\t<div class=\"elementor-element elementor-element-410ef83 elementor-widget elementor-widget-text-editor\" data-id=\"410ef83\" data-element_type=\"widget\" data-widget_type=\"text-editor.default\">\n\t\t\t\t<div class=\"elementor-widget-container\">\n\t\t\t<style>\/*! elementor - v3.19.0 - 07-02-2024 *\/\n.elementor-widget-text-editor.elementor-drop-cap-view-stacked .elementor-drop-cap{background-color:#69727d;color:#fff}.elementor-widget-text-editor.elementor-drop-cap-view-framed .elementor-drop-cap{color:#69727d;border:3px solid;background-color:transparent}.elementor-widget-text-editor:not(.elementor-drop-cap-view-default) .elementor-drop-cap{margin-top:8px}.elementor-widget-text-editor:not(.elementor-drop-cap-view-default) .elementor-drop-cap-letter{width:1em;height:1em}.elementor-widget-text-editor .elementor-drop-cap{float:left;text-align:center;line-height:1;font-size:50px}.elementor-widget-text-editor .elementor-drop-cap-letter{display:inline-block}<\/style>\t\t\t\t<p>Le R\u00e9seau Anabaptiste Mondial de Sant\u00e9 (GAHN), depuis sa cr\u00e9ation en 2015 lors de l\u2019Assembl\u00e9e du Congr\u00e8s Mennonite Mondial \u00e0 Harrisburg, en Pennsylvanie, s\u2019est consacr\u00e9 \u00e0 l\u2019\u00e9tablissement d\u2019un cadre de coop\u00e9ration et de soutien mutuel entre les organisations de sant\u00e9 communautaires et les professionnels de foi anabaptiste. Avec un comit\u00e9 de coordination au c\u0153ur de sa structure, GAHN travaille sans rel\u00e2che pour \u00e9largir et renforcer son r\u00e9seau, invitant \u00e0 la participation active de tous ceux qui, par le biais de la Conf\u00e9rence Mennonite Mondiale ou par le biais de r\u00e9f\u00e9rences de partenaires, souhaitent se joindre \u00e0 cet effort collectif.<\/p><p>Avec la vision de se consolider en tant que r\u00e9seau international d\u2019institutions et de professionnels de la sant\u00e9 qui valorisent le t\u00e9moignage de la communaut\u00e9 anabaptiste, GAHN s\u2019efforce d\u2019\u00eatre un espace d\u2019encouragement mutuel et d\u2019apprentissage entre pairs. Sa mission se concentre sur la connexion, la communication et la collaboration dans des minist\u00e8res d&#039;int\u00e9r\u00eat commun, toujours sous la banni\u00e8re du Christ. Cette approche vise non seulement \u00e0 promouvoir l\u2019\u00e9change de connaissances et d\u2019exp\u00e9riences mais \u00e9galement \u00e0 favoriser des partenariats institutionnels et professionnels enrichissants pour tous les acteurs.<\/p><p>Les valeurs du GAHN refl\u00e8tent les convictions de la Conf\u00e9rence Mennonite Mondiale, adopt\u00e9es en 2006, cherchant \u00e0 ce que chaque membre du r\u00e9seau incarne ces principes dans sa pratique quotidienne. En faisant partie du GAHN, les membres peuvent b\u00e9n\u00e9ficier de nombreux avantages tels que la connexion avec d&#039;autres membres pour explorer les innovations et les meilleures pratiques dans le domaine de la sant\u00e9, la participation \u00e0 des partenariats et des coentreprises, des conseils pour relever les d\u00e9fis et les opportunit\u00e9s dans le domaine organisationnel et professionnel. , et la force d\u2019une voix collective dans divers cercles de sant\u00e9 et de d\u00e9veloppement.<\/p><p>Pour maximiser ces connexions et \u00e9tendre sa port\u00e9e, le GAHN utilise diverses plateformes telles que Facebook, son site officiel, des bulletins d&#039;information \u00e9lectroniques, des conf\u00e9rences sur la sant\u00e9, des \u00e9changes \u00e9ducatifs, des webinaires, entre autres. Ces canaux permettent une communication efficace et constante, cruciale pour la croissance et la solidarit\u00e9 de la communaut\u00e9. GAHN invite les organisations \u00e0 maintenir leurs donn\u00e9es \u00e0 jour et \u00e0 rejoindre le groupe Facebook pour partager et recevoir des informations de mani\u00e8re agile et opportune, renfor\u00e7ant ainsi les liens qui unissent ce r\u00e9seau mondial de soins de sant\u00e9 solidaire sous la foi anabaptiste.<\/p>\t\t\t\t\t\t<\/div>\n\t\t\t\t<\/div>\n\t\t\t\t\t<\/div>\n\t\t<\/div>\n\t\t\t\t\t<\/div>\n\t\t<\/section>\n\t\t\t\t<section class=\"elementor-section elementor-top-section elementor-element elementor-element-c1de228 elementor-section-boxed elementor-section-height-default elementor-section-height-default\" data-id=\"c1de228\" data-element_type=\"section\" id=\"mision\">\n\t\t\t\t\t\t<div class=\"elementor-container elementor-column-gap-default\">\n\t\t\t\t\t<div class=\"elementor-column elementor-col-100 elementor-top-column elementor-element elementor-element-eb646fd\" data-id=\"eb646fd\" data-element_type=\"column\" data-settings=\"{&quot;background_background&quot;:&quot;classic&quot;}\">\n\t\t\t<div class=\"elementor-widget-wrap elementor-element-populated\">\n\t\t\t\t\t\t<div class=\"elementor-element elementor-element-68070e8 elementor-widget elementor-widget-heading\" data-id=\"68070e8\" data-element_type=\"widget\" data-widget_type=\"heading.default\">\n\t\t\t\t<div class=\"elementor-widget-container\">\n\t\t\t<h2 class=\"elementor-heading-title elementor-size-default\">Mission<\/h2>\t\t<\/div>\n\t\t\t\t<\/div>\n\t\t\t\t\t<\/div>\n\t\t<\/div>\n\t\t\t\t\t<\/div>\n\t\t<\/section>\n\t\t\t\t<section class=\"elementor-section elementor-top-section elementor-element elementor-element-0a0a129 elementor-section-boxed elementor-section-height-default elementor-section-height-default\" data-id=\"0a0a129\" data-element_type=\"section\">\n\t\t\t\t\t\t<div class=\"elementor-container elementor-column-gap-default\">\n\t\t\t\t\t<div class=\"elementor-column elementor-col-100 elementor-top-column elementor-element elementor-element-27c0e79\" data-id=\"27c0e79\" data-element_type=\"column\">\n\t\t\t<div class=\"elementor-widget-wrap elementor-element-populated\">\n\t\t\t\t\t\t<div class=\"elementor-element elementor-element-b1589d3 elementor-widget elementor-widget-text-editor\" data-id=\"b1589d3\" data-element_type=\"widget\" data-widget_type=\"text-editor.default\">\n\t\t\t\t<div class=\"elementor-widget-container\">\n\t\t\t\t\t\t\t<p>La mission du GAHN est de se connecter, de communiquer et de collaborer dans des minist\u00e8res d&#039;int\u00e9r\u00eat commun au nom du Christ. Cet \u00e9nonc\u00e9 de mission couvre trois aspects fondamentaux\u00a0:<\/p><ol><li><p><strong>Connecter:<\/strong> Il cherche \u00e0 unir diverses organisations anabaptistes et professionnels de la sant\u00e9, cr\u00e9ant un r\u00e9seau de soutien qui permet \u00e0 ses membres non seulement de se rencontrer et d&#039;interagir les uns avec les autres, mais \u00e9galement de travailler ensemble sur des projets et des initiatives communs.<\/p><\/li><li><p><strong>Communiquer:<\/strong> Il se concentre sur l\u2019\u00e9change efficace d\u2019informations, de connaissances, d\u2019exp\u00e9riences et de ressources entre les membres du r\u00e9seau. GAHN valorise l\u2019importance d\u2019une communication claire et ouverte comme moyen d\u2019apprentissage mutuel et d\u2019am\u00e9lioration continue des pratiques de sant\u00e9.<\/p><\/li><li><p><strong>Collaborer:<\/strong> Favorise la collaboration sur des projets et des activit\u00e9s qui refl\u00e8tent les valeurs partag\u00e9es du r\u00e9seau et qui contribuent au bien-\u00eatre des communaut\u00e9s qu&#039;ils servent. La collaboration peut prendre de nombreuses formes, notamment des partenariats en mati\u00e8re de soins de sant\u00e9, des initiatives de pr\u00e9vention des maladies et d\u2019\u00e9ducation, ainsi que des r\u00e9ponses coordonn\u00e9es aux urgences sanitaires.<\/p><\/li><\/ol>\t\t\t\t\t\t<\/div>\n\t\t\t\t<\/div>\n\t\t\t\t\t<\/div>\n\t\t<\/div>\n\t\t\t\t\t<\/div>\n\t\t<\/section>\n\t\t\t\t<section class=\"elementor-section elementor-top-section elementor-element elementor-element-122051c elementor-section-boxed elementor-section-height-default elementor-section-height-default\" data-id=\"122051c\" data-element_type=\"section\" id=\"vision\">\n\t\t\t\t\t\t<div class=\"elementor-container elementor-column-gap-default\">\n\t\t\t\t\t<div class=\"elementor-column elementor-col-100 elementor-top-column elementor-element elementor-element-59f4fa0\" data-id=\"59f4fa0\" data-element_type=\"column\" data-settings=\"{&quot;background_background&quot;:&quot;classic&quot;}\">\n\t\t\t<div class=\"elementor-widget-wrap elementor-element-populated\">\n\t\t\t\t\t\t<div class=\"elementor-element elementor-element-a475cfd elementor-widget elementor-widget-heading\" data-id=\"a475cfd\" data-element_type=\"widget\" data-widget_type=\"heading.default\">\n\t\t\t\t<div class=\"elementor-widget-container\">\n\t\t\t<h2 class=\"elementor-heading-title elementor-size-default\">Vision<\/h2>\t\t<\/div>\n\t\t\t\t<\/div>\n\t\t\t\t\t<\/div>\n\t\t<\/div>\n\t\t\t\t\t<\/div>\n\t\t<\/section>\n\t\t\t\t<section class=\"elementor-section elementor-top-section elementor-element elementor-element-c86f042 elementor-section-boxed elementor-section-height-default elementor-section-height-default\" data-id=\"c86f042\" data-element_type=\"section\">\n\t\t\t\t\t\t<div class=\"elementor-container elementor-column-gap-default\">\n\t\t\t\t\t<div class=\"elementor-column elementor-col-100 elementor-top-column elementor-element elementor-element-027c1af\" data-id=\"027c1af\" data-element_type=\"column\">\n\t\t\t<div class=\"elementor-widget-wrap elementor-element-populated\">\n\t\t\t\t\t\t<div class=\"elementor-element elementor-element-cbe81e0 elementor-widget elementor-widget-text-editor\" data-id=\"cbe81e0\" data-element_type=\"widget\" data-widget_type=\"text-editor.default\">\n\t\t\t\t<div class=\"elementor-widget-container\">\n\t\t\t\t\t\t\t<p>La vision du GAHN est d&#039;\u00eatre un r\u00e9seau international d&#039;institutions et de professionnels de la sant\u00e9 qui renforce le t\u00e9moignage de la communaut\u00e9 religieuse anabaptiste. Cela signifie \u00eatre une communaut\u00e9 qui, par la coop\u00e9ration et le soutien mutuel, promeut non seulement la sant\u00e9 et le bien-\u00eatre, mais refl\u00e8te \u00e9galement les valeurs et les principes anabaptistes dans chaque action. GAHN aspire \u00e0 \u00eatre un espace o\u00f9 l&#039;encouragement mutuel, l&#039;\u00e9change d&#039;apprentissage entre pairs sont favoris\u00e9s et o\u00f9 de solides partenariats institutionnels et professionnels sont cultiv\u00e9s. L&#039;intention est de b\u00e2tir un r\u00e9seau qui, par son unit\u00e9 et ses efforts partag\u00e9s, illustre et promeut la compassion, le service et l&#039;int\u00e9grit\u00e9 dans le domaine de la sant\u00e9.<\/p>\t\t\t\t\t\t<\/div>\n\t\t\t\t<\/div>\n\t\t\t\t\t<\/div>\n\t\t<\/div>\n\t\t\t\t\t<\/div>\n\t\t<\/section>\n\t\t\t\t<section class=\"elementor-section elementor-top-section elementor-element elementor-element-9ed423c elementor-section-boxed elementor-section-height-default elementor-section-height-default\" data-id=\"9ed423c\" data-element_type=\"section\" id=\"valores\">\n\t\t\t\t\t\t<div class=\"elementor-container elementor-column-gap-default\">\n\t\t\t\t\t<div class=\"elementor-column elementor-col-100 elementor-top-column elementor-element elementor-element-a500bae\" data-id=\"a500bae\" data-element_type=\"column\" data-settings=\"{&quot;background_background&quot;:&quot;classic&quot;}\">\n\t\t\t<div class=\"elementor-widget-wrap elementor-element-populated\">\n\t\t\t\t\t\t<div class=\"elementor-element elementor-element-3696041 elementor-widget elementor-widget-heading\" data-id=\"3696041\" data-element_type=\"widget\" data-widget_type=\"heading.default\">\n\t\t\t\t<div class=\"elementor-widget-container\">\n\t\t\t<h2 class=\"elementor-heading-title elementor-size-default\">Valeurs<\/h2>\t\t<\/div>\n\t\t\t\t<\/div>\n\t\t\t\t\t<\/div>\n\t\t<\/div>\n\t\t\t\t\t<\/div>\n\t\t<\/section>\n\t\t\t\t<section class=\"elementor-section elementor-top-section elementor-element elementor-element-501fc12 elementor-section-boxed elementor-section-height-default elementor-section-height-default\" data-id=\"501fc12\" data-element_type=\"section\">\n\t\t\t\t\t\t<div class=\"elementor-container elementor-column-gap-default\">\n\t\t\t\t\t<div class=\"elementor-column elementor-col-100 elementor-top-column elementor-element elementor-element-82ee66b\" data-id=\"82ee66b\" data-element_type=\"column\">\n\t\t\t<div class=\"elementor-widget-wrap elementor-element-populated\">\n\t\t\t\t\t\t<div class=\"elementor-element elementor-element-c532a02 elementor-widget elementor-widget-text-editor\" data-id=\"c532a02\" data-element_type=\"widget\" data-widget_type=\"text-editor.default\">\n\t\t\t\t<div class=\"elementor-widget-container\">\n\t\t\t\t\t\t\t<p>Le d\u00e9sir de GAHN est d&#039;\u00eatre un r\u00e9seau d&#039;institutions de sant\u00e9 et d&#039;individus qui incarnent les valeurs et convictions partag\u00e9es de la Conf\u00e9rence Mennonite Mondiale adopt\u00e9es par le Conseil g\u00e9n\u00e9ral de la Conf\u00e9rence Mennonite Mondiale en 2006.<\/p><p>Par la gr\u00e2ce de Dieu, nous cherchons \u00e0 vivre et \u00e0 proclamer la bonne nouvelle de la r\u00e9conciliation en J\u00e9sus-Christ. En tant que partie du corps uni du Christ en tout temps et en tout lieu, nous d\u00e9clarons que les affirmations suivantes sont l\u2019essence de notre foi et de notre pratique\u00a0:<\/p><div><ol><li><div>Nous connaissons Dieu comme P\u00e8re, Fils et Saint-Esprit, le Cr\u00e9ateur qui a pour but de restaurer l\u2019humanit\u00e9 d\u00e9chue en convoquant un peuple et en l\u2019appelant \u00e0 \u00eatre fid\u00e8le dans la fraternit\u00e9, l\u2019adoration, le service et le t\u00e9moignage.<\/div><\/li><li><div>J\u00e9sus est le fils de Dieu. Par sa vie et ses enseignements, sa croix et sa r\u00e9surrection, il nous a montr\u00e9 comment \u00eatre des disciples fid\u00e8les, a rachet\u00e9 le monde et offre la vie \u00e9ternelle.<\/div><\/li><li><div>En tant qu\u2019\u00c9glise, nous sommes une communaut\u00e9 de ceux que l\u2019Esprit de Dieu appelle \u00e0 abandonner le p\u00e9ch\u00e9, \u00e0 reconna\u00eetre que J\u00e9sus-Christ est Seigneur, \u00e0 recevoir le bapt\u00eame apr\u00e8s confession de foi et \u00e0 suivre le Christ dans la vie.<\/div><\/li><li><div>En tant que communaut\u00e9 de foi, nous acceptons que la Bible est notre autorit\u00e9 de foi et de vie, en l\u2019interpr\u00e9tant ensemble sous la direction du Saint-Esprit \u00e0 la lumi\u00e8re de J\u00e9sus-Christ, pour discerner la volont\u00e9 de Dieu et y ob\u00e9ir.<\/div><\/li><li><div>L\u2019Esprit de J\u00e9sus nous donne le pouvoir de faire confiance \u00e0 Dieu dans tous les aspects de la vie, afin que nous devenions des artisans de paix qui renoncent \u00e0 la violence, aiment nos ennemis, recherchent la justice et partagent nos biens avec ceux qui sont dans le besoin.<\/div><\/li><li><div>Nous nous r\u00e9unissons r\u00e9guli\u00e8rement pour adorer, c\u00e9l\u00e9brer la C\u00e8ne du Seigneur et \u00e9couter la Parole de Dieu, pr\u00eats \u00e0 rendre compte les uns aux autres de nos actions.<\/div><\/li><li><div>En tant que communaut\u00e9 mondiale de foi et de vie, nous transcendons les fronti\u00e8res de nationalit\u00e9, de race, de classe sociale, de sexe et de langue, et cherchons \u00e0 vivre dans le monde sans nous conformer aux puissances du mal, en t\u00e9moignant de la gr\u00e2ce de Dieu \u00e0 travers le service aux autres. , en prenant soin de la cr\u00e9ation et en invitant toute l\u2019humanit\u00e9 \u00e0 conna\u00eetre J\u00e9sus-Christ comme Sauveur et Seigneur.<\/div><\/li><\/ol><p>Ces convictions sont inspir\u00e9es par la foi de nos anc\u00eatres anabaptistes du XVIe si\u00e8cle, qui \u00e9taient un exemple de disciple radical de J\u00e9sus-Christ. Nous cherchons \u00e0 marcher en son nom par la puissance du Saint-Esprit, en attendant avec confiance le retour du Christ et l&#039;\u00e9tablissement d\u00e9finitif du royaume de Dieu.<\/p><p>Approuv\u00e9 par le Conseil G\u00e9n\u00e9ral du Congr\u00e8s Mondial de Pasadena, Californie, USA<br \/>15 mars 2006.<\/p><p><a href=\"https:\/\/mwc-cmm.org\/es\/resources\/convicciones-compartidas-2022\">Cliquez ici<\/a>\u00a0pour voir l&#039;affiche\u00a0<strong>Convictions partag\u00e9es 2022<\/strong>.\u00a0<\/p><p><a href=\"https:\/\/mwc-cmm.org\/es\/resources\/folleto-de-convicciones-compartidas-2022\">Cliquez ici<\/a>\u00a0 pour voir la brochure\u00a0<strong>Convictions partag\u00e9es 2022<\/strong><\/p><\/div>\t\t\t\t\t\t<\/div>\n\t\t\t\t<\/div>\n\t\t\t\t\t<\/div>\n\t\t<\/div>\n\t\t\t\t\t<\/div>\n\t\t<\/section>\n\t\t\t\t<\/div>","protected":false},"excerpt":{"rendered":"<p>\u00c0 propos du GAHN Le R\u00e9seau Anabaptiste Mondial de Sant\u00e9 (GAHN), depuis sa cr\u00e9ation en 2015 lors de l&#039;Assembl\u00e9e de la Conf\u00e9rence Mennonite Mondiale \u00e0 Harrisburg, en Pennsylvanie, s&#039;est consacr\u00e9 \u00e0 l&#039;\u00e9tablissement d&#039;un cadre de coop\u00e9ration et de soutien mutuel entre les organisations et les professionnels de la sant\u00e9 li\u00e9s \u00e0 la foi anabaptiste. communaut\u00e9. Avec un comit\u00e9 de coordination [\u2026]<\/p>","protected":false},"author":2,"featured_media":0,"parent":0,"menu_order":0,"comment_status":"closed","ping_status":"closed","template":"","meta":{"footnotes":""},"class_list":["post-5451","page","type-page","status-publish","hentry"],"_links":{"self":[{"href":"https:\/\/globalanabaptisthealthnetwork.org\/fr\/wp-json\/wp\/v2\/pages\/5451","targetHints":{"allow":["GET"]}}],"collection":[{"href":"https:\/\/globalanabaptisthealthnetwork.org\/fr\/wp-json\/wp\/v2\/pages"}],"about":[{"href":"https:\/\/globalanabaptisthealthnetwork.org\/fr\/wp-json\/wp\/v2\/types\/page"}],"author":[{"embeddable":true,"href":"https:\/\/globalanabaptisthealthnetwork.org\/fr\/wp-json\/wp\/v2\/users\/2"}],"replies":[{"embeddable":true,"href":"https:\/\/globalanabaptisthealthnetwork.org\/fr\/wp-json\/wp\/v2\/comments?post=5451"}],"version-history":[{"count":136,"href":"https:\/\/globalanabaptisthealthnetwork.org\/fr\/wp-json\/wp\/v2\/pages\/5451\/revisions"}],"predecessor-version":[{"id":7076,"href":"https:\/\/globalanabaptisthealthnetwork.org\/fr\/wp-json\/wp\/v2\/pages\/5451\/revisions\/7076"}],"wp:attachment":[{"href":"https:\/\/globalanabaptisthealthnetwork.org\/fr\/wp-json\/wp\/v2\/media?parent=5451"}],"curies":[{"name":"wp","href":"https:\/\/api.w.org\/{rel}","templated":true}]}}