{"id":7035,"date":"2024-04-22T09:20:06","date_gmt":"2024-04-22T09:20:06","guid":{"rendered":"https:\/\/globalanabaptisthealthnetwork.org\/?page_id=7035"},"modified":"2024-05-08T22:01:20","modified_gmt":"2024-05-08T22:01:20","slug":"baneficios","status":"publish","type":"page","link":"https:\/\/globalanabaptisthealthnetwork.org\/fr\/baneficios\/","title":{"rendered":"Avantages"},"content":{"rendered":"<div data-elementor-type=\"wp-page\" data-elementor-id=\"7035\" class=\"elementor elementor-7035\" data-elementor-post-type=\"page\">\n\t\t\t\t\t\t<section class=\"elementor-section elementor-top-section elementor-element elementor-element-280b311 elementor-section-boxed elementor-section-height-default elementor-section-height-default\" data-id=\"280b311\" data-element_type=\"section\">\n\t\t\t\t\t\t<div class=\"elementor-container elementor-column-gap-default\">\n\t\t\t\t\t<div class=\"elementor-column elementor-col-100 elementor-top-column elementor-element elementor-element-d3645c9\" data-id=\"d3645c9\" data-element_type=\"column\" data-settings=\"{&quot;background_background&quot;:&quot;classic&quot;}\">\n\t\t\t<div class=\"elementor-widget-wrap elementor-element-populated\">\n\t\t\t\t\t\t<div class=\"elementor-element elementor-element-57a33b5 elementor-widget elementor-widget-heading\" data-id=\"57a33b5\" data-element_type=\"widget\" data-widget_type=\"heading.default\">\n\t\t\t\t<div class=\"elementor-widget-container\">\n\t\t\t<style>\/*! elementor - v3.19.0 - 07-02-2024 *\/\n.elementor-heading-title{padding:0;margin:0;line-height:1}.elementor-widget-heading .elementor-heading-title[class*=elementor-size-]>a{color:inherit;font-size:inherit;line-height:inherit}.elementor-widget-heading .elementor-heading-title.elementor-size-small{font-size:15px}.elementor-widget-heading .elementor-heading-title.elementor-size-medium{font-size:19px}.elementor-widget-heading .elementor-heading-title.elementor-size-large{font-size:29px}.elementor-widget-heading .elementor-heading-title.elementor-size-xl{font-size:39px}.elementor-widget-heading .elementor-heading-title.elementor-size-xxl{font-size:59px}<\/style><h2 class=\"elementor-heading-title elementor-size-default\">Avantages de faire partie du GAHN<\/h2>\t\t<\/div>\n\t\t\t\t<\/div>\n\t\t\t\t\t<\/div>\n\t\t<\/div>\n\t\t\t\t\t<\/div>\n\t\t<\/section>\n\t\t\t\t<section class=\"elementor-section elementor-top-section elementor-element elementor-element-dca4dfe elementor-section-boxed elementor-section-height-default elementor-section-height-default\" data-id=\"dca4dfe\" data-element_type=\"section\">\n\t\t\t\t\t\t<div class=\"elementor-container elementor-column-gap-default\">\n\t\t\t\t\t<div class=\"elementor-column elementor-col-100 elementor-top-column elementor-element elementor-element-ad56806\" data-id=\"ad56806\" data-element_type=\"column\">\n\t\t\t<div class=\"elementor-widget-wrap elementor-element-populated\">\n\t\t\t\t\t\t<div class=\"elementor-element elementor-element-410ef83 elementor-widget elementor-widget-text-editor\" data-id=\"410ef83\" data-element_type=\"widget\" data-widget_type=\"text-editor.default\">\n\t\t\t\t<div class=\"elementor-widget-container\">\n\t\t\t<style>\/*! elementor - v3.19.0 - 07-02-2024 *\/\n.elementor-widget-text-editor.elementor-drop-cap-view-stacked .elementor-drop-cap{background-color:#69727d;color:#fff}.elementor-widget-text-editor.elementor-drop-cap-view-framed .elementor-drop-cap{color:#69727d;border:3px solid;background-color:transparent}.elementor-widget-text-editor:not(.elementor-drop-cap-view-default) .elementor-drop-cap{margin-top:8px}.elementor-widget-text-editor:not(.elementor-drop-cap-view-default) .elementor-drop-cap-letter{width:1em;height:1em}.elementor-widget-text-editor .elementor-drop-cap{float:left;text-align:center;line-height:1;font-size:50px}.elementor-widget-text-editor .elementor-drop-cap-letter{display:inline-block}<\/style>\t\t\t\t<p>Le R\u00e9seau Anabaptiste Mondial de Sant\u00e9 (GAHN) s\u2019efforce d\u2019offrir un certain nombre d\u2019avantages significatifs \u00e0 ses membres, ax\u00e9s sur le renforcement des capacit\u00e9s, le partage des connaissances et la promotion de collaborations efficaces. Ces b\u00e9n\u00e9fices visent \u00e0 enrichir \u00e0 la fois les organisations et les individus qui font partie du r\u00e9seau, leur permettant d&#039;am\u00e9liorer leurs pratiques de sant\u00e9, ainsi que de renforcer leur impact dans les communaut\u00e9s qu&#039;ils servent. Vous trouverez ci-dessous les principaux avantages que GAHN offre \u00e0 ses membres\u00a0:<\/p><h5>Connexion et partage de connaissances<\/h5><ul><li><strong>Connectez-vous avec d&#039;autres membres du r\u00e9seau\u00a0:<\/strong> GAHN facilite la cr\u00e9ation de liens entre ses membres, permettant l&#039;\u00e9change d&#039;id\u00e9es, d&#039;exp\u00e9riences et de bonnes pratiques. Cet environnement de soutien mutuel est essentiel pour favoriser l\u2019innovation et l\u2019apprentissage continu dans le domaine des soins de sant\u00e9.<\/li><li><strong>D\u00e9couvrez les innovations et les meilleures pratiques en mati\u00e8re de sant\u00e9\u00a0:<\/strong> Gr\u00e2ce \u00e0 des ateliers, des s\u00e9minaires virtuels et d\u2019autres moyens, les membres ont la possibilit\u00e9 de d\u00e9couvrir de nouvelles techniques, technologies et approches pouvant \u00eatre adapt\u00e9es \u00e0 leurs propres contextes de travail.<\/li><\/ul><h5>Collaboration et assistance<\/h5><ul><li><strong>Participer \u00e0 des partenariats et des coentreprises en sant\u00e9\u00a0:<\/strong> GAHN promeut et facilite la formation de partenariats entre ses membres, qui peuvent aboutir \u00e0 des projets communs, des recherches collaboratives et d&#039;autres initiatives qui renforcent leur impact collectif.<\/li><li><strong>Obtenez des conseils pour r\u00e9soudre de vrais probl\u00e8mes de sant\u00e9 :<\/strong> Le r\u00e9seau offre une plate-forme permettant \u00e0 ses membres de rechercher et de recevoir des conseils de leurs pairs sur des d\u00e9fis ou des situations sp\u00e9cifiques auxquels ils sont confront\u00e9s, en promouvant des solutions bas\u00e9es sur l&#039;exp\u00e9rience collective.<\/li><\/ul><h5>Renforcer la voix collective<\/h5><ul><li><strong>Renforcer la voix collective de la communaut\u00e9 anabaptiste :<\/strong> Le GAHN cherche \u00e0 amplifier les pr\u00e9occupations et les perspectives de ses membres dans des forums plus larges sur la sant\u00e9 et le d\u00e9veloppement, \u00e0 la fois dans des contextes chr\u00e9tiens et interconfessionnels et la\u00efcs. Cela augmente non seulement l&#039;influence du r\u00e9seau, mais favorise \u00e9galement une plus grande sensibilisation aux approches confessionnelles en mati\u00e8re de sant\u00e9.<\/li><\/ul><h5>Ressources et outils<\/h5><ul><li><strong>Acc\u00e8s \u00e0 une vari\u00e9t\u00e9 de ressources :<\/strong> Les membres ont acc\u00e8s \u00e0 des ressources p\u00e9dagogiques, \u00e0 des recherches et \u00e0 des outils pratiques partag\u00e9s au sein du r\u00e9seau, les aidant \u00e0 am\u00e9liorer leurs comp\u00e9tences et leur efficacit\u00e9 professionnelle.<\/li><li><strong>Participation active \u00e0 la communaut\u00e9 en ligne :<\/strong> Gr\u00e2ce au site Web du GAHN, aux bulletins d&#039;information \u00e9lectroniques et aux groupes de m\u00e9dias sociaux tels que Facebook, les membres peuvent rester inform\u00e9s des derniers d\u00e9veloppements, \u00e9v\u00e9nements et opportunit\u00e9s au sein du r\u00e9seau et dans le domaine de la sant\u00e9 mondiale.<\/li><\/ul>\t\t\t\t\t\t<\/div>\n\t\t\t\t<\/div>\n\t\t\t\t\t<\/div>\n\t\t<\/div>\n\t\t\t\t\t<\/div>\n\t\t<\/section>\n\t\t\t\t<\/div>","protected":false},"excerpt":{"rendered":"<p>Avantages de faire partie du GAHN Le R\u00e9seau Anabaptiste Mondial de Sant\u00e9 (GAHN) s&#039;efforce d&#039;offrir un certain nombre d&#039;avantages importants \u00e0 ses membres, ax\u00e9s sur le renforcement des capacit\u00e9s, le partage des connaissances et la promotion de collaborations efficaces. Ces avantages sont con\u00e7us pour enrichir \u00e0 la fois les organisations et les individus [\u2026]<\/p>","protected":false},"author":2,"featured_media":0,"parent":0,"menu_order":0,"comment_status":"closed","ping_status":"closed","template":"","meta":{"footnotes":""},"class_list":["post-7035","page","type-page","status-publish","hentry"],"_links":{"self":[{"href":"https:\/\/globalanabaptisthealthnetwork.org\/fr\/wp-json\/wp\/v2\/pages\/7035","targetHints":{"allow":["GET"]}}],"collection":[{"href":"https:\/\/globalanabaptisthealthnetwork.org\/fr\/wp-json\/wp\/v2\/pages"}],"about":[{"href":"https:\/\/globalanabaptisthealthnetwork.org\/fr\/wp-json\/wp\/v2\/types\/page"}],"author":[{"embeddable":true,"href":"https:\/\/globalanabaptisthealthnetwork.org\/fr\/wp-json\/wp\/v2\/users\/2"}],"replies":[{"embeddable":true,"href":"https:\/\/globalanabaptisthealthnetwork.org\/fr\/wp-json\/wp\/v2\/comments?post=7035"}],"version-history":[{"count":8,"href":"https:\/\/globalanabaptisthealthnetwork.org\/fr\/wp-json\/wp\/v2\/pages\/7035\/revisions"}],"predecessor-version":[{"id":7173,"href":"https:\/\/globalanabaptisthealthnetwork.org\/fr\/wp-json\/wp\/v2\/pages\/7035\/revisions\/7173"}],"wp:attachment":[{"href":"https:\/\/globalanabaptisthealthnetwork.org\/fr\/wp-json\/wp\/v2\/media?parent=7035"}],"curies":[{"name":"wp","href":"https:\/\/api.w.org\/{rel}","templated":true}]}}