{"id":7040,"date":"2024-04-22T09:22:14","date_gmt":"2024-04-22T09:22:14","guid":{"rendered":"https:\/\/globalanabaptisthealthnetwork.org\/?page_id=7040"},"modified":"2024-04-22T09:29:20","modified_gmt":"2024-04-22T09:29:20","slug":"donaciones","status":"publish","type":"page","link":"https:\/\/globalanabaptisthealthnetwork.org\/fr\/donaciones\/","title":{"rendered":"Des dons"},"content":{"rendered":"<div data-elementor-type=\"wp-page\" data-elementor-id=\"7040\" class=\"elementor elementor-7040\" data-elementor-post-type=\"page\">\n\t\t\t\t\t\t<section class=\"elementor-section elementor-top-section elementor-element elementor-element-280b311 elementor-section-boxed elementor-section-height-default elementor-section-height-default\" data-id=\"280b311\" data-element_type=\"section\">\n\t\t\t\t\t\t<div class=\"elementor-container elementor-column-gap-default\">\n\t\t\t\t\t<div class=\"elementor-column elementor-col-100 elementor-top-column elementor-element elementor-element-d3645c9\" data-id=\"d3645c9\" data-element_type=\"column\" data-settings=\"{&quot;background_background&quot;:&quot;classic&quot;}\">\n\t\t\t<div class=\"elementor-widget-wrap elementor-element-populated\">\n\t\t\t\t\t\t<div class=\"elementor-element elementor-element-57a33b5 elementor-widget elementor-widget-heading\" data-id=\"57a33b5\" data-element_type=\"widget\" data-widget_type=\"heading.default\">\n\t\t\t\t<div class=\"elementor-widget-container\">\n\t\t\t<style>\/*! elementor - v3.19.0 - 07-02-2024 *\/\n.elementor-heading-title{padding:0;margin:0;line-height:1}.elementor-widget-heading .elementor-heading-title[class*=elementor-size-]>a{color:inherit;font-size:inherit;line-height:inherit}.elementor-widget-heading .elementor-heading-title.elementor-size-small{font-size:15px}.elementor-widget-heading .elementor-heading-title.elementor-size-medium{font-size:19px}.elementor-widget-heading .elementor-heading-title.elementor-size-large{font-size:29px}.elementor-widget-heading .elementor-heading-title.elementor-size-xl{font-size:39px}.elementor-widget-heading .elementor-heading-title.elementor-size-xxl{font-size:59px}<\/style><h2 class=\"elementor-heading-title elementor-size-default\">Des dons<\/h2>\t\t<\/div>\n\t\t\t\t<\/div>\n\t\t\t\t\t<\/div>\n\t\t<\/div>\n\t\t\t\t\t<\/div>\n\t\t<\/section>\n\t\t\t\t<section class=\"elementor-section elementor-top-section elementor-element elementor-element-dca4dfe elementor-section-boxed elementor-section-height-default elementor-section-height-default\" data-id=\"dca4dfe\" data-element_type=\"section\">\n\t\t\t\t\t\t<div class=\"elementor-container elementor-column-gap-default\">\n\t\t\t\t\t<div class=\"elementor-column elementor-col-100 elementor-top-column elementor-element elementor-element-ad56806\" data-id=\"ad56806\" data-element_type=\"column\">\n\t\t\t<div class=\"elementor-widget-wrap elementor-element-populated\">\n\t\t\t\t\t\t<div class=\"elementor-element elementor-element-410ef83 elementor-widget elementor-widget-text-editor\" data-id=\"410ef83\" data-element_type=\"widget\" data-widget_type=\"text-editor.default\">\n\t\t\t\t<div class=\"elementor-widget-container\">\n\t\t\t<style>\/*! elementor - v3.19.0 - 07-02-2024 *\/\n.elementor-widget-text-editor.elementor-drop-cap-view-stacked .elementor-drop-cap{background-color:#69727d;color:#fff}.elementor-widget-text-editor.elementor-drop-cap-view-framed .elementor-drop-cap{color:#69727d;border:3px solid;background-color:transparent}.elementor-widget-text-editor:not(.elementor-drop-cap-view-default) .elementor-drop-cap{margin-top:8px}.elementor-widget-text-editor:not(.elementor-drop-cap-view-default) .elementor-drop-cap-letter{width:1em;height:1em}.elementor-widget-text-editor .elementor-drop-cap{float:left;text-align:center;line-height:1;font-size:50px}.elementor-widget-text-editor .elementor-drop-cap-letter{display:inline-block}<\/style>\t\t\t\t<p>GAHN s&#039;engage, avec le soutien de la Conf\u00e9rence Mennonite Mondiale, des organisations partenaires et des membres, \u00e0 \u00eatre un r\u00e9seau mondial qui permet \u00e0 toutes les organisations de sant\u00e9 anabaptistes et aux professionnels de la sant\u00e9 de se connecter, de communiquer et de collaborer au nom du Christ. Nous nous effor\u00e7ons de renforcer le t\u00e9moignage de la communaut\u00e9 religieuse anabaptiste par l\u2019encouragement mutuel, l\u2019apprentissage par les pairs, la collaboration et les partenariats.<\/p><p>Cependant, pour y parvenir, nous avons besoin de VOTRE aide ! Pensez \u00e0 offrir un don financier \u00e0 GAHN d\u00e8s aujourd\u2019hui.<\/p><p>Les dons au GAHN contribueront aux efforts de communication et aux prochains \u00e9v\u00e9nements de r\u00e9seautage en direct lors de l&#039;Assembl\u00e9e mondiale du MWC 2021 en Indon\u00e9sie, de la r\u00e9union annuelle de la Mennonite Health Care Fellowship et de l&#039;Assembl\u00e9e mennonite de la sant\u00e9.<\/p><p>\u00c0 l&#039;heure actuelle, les dons pour faire avancer la mission et la vision du GAHN doivent \u00eatre effectu\u00e9s par l&#039;interm\u00e9diaire de la Conf\u00e9rence Mennonite Mondiale. Les cadeaux peuvent \u00eatre effectu\u00e9s par ch\u00e8que, carte de cr\u00e9dit, Paypal, Western Union ou virement bancaire. Des re\u00e7us fiscaux de la CMM sont disponibles pour les dons faits par des supporters am\u00e9ricains et canadiens\u00a0; Les donateurs d&#039;autres pays peuvent obtenir des re\u00e7us en faisant un don par l&#039;interm\u00e9diaire des congr\u00e9gations mennonites. Pour plus de d\u00e9tails, veuillez contacter CMM. Lorsque vous faites un don, veuillez d\u00e9signer votre don pour le \u00ab R\u00e9seau Anabaptiste Mondial de Sant\u00e9 \u00bb.<\/p>\t\t\t\t\t\t<\/div>\n\t\t\t\t<\/div>\n\t\t\t\t\t<\/div>\n\t\t<\/div>\n\t\t\t\t\t<\/div>\n\t\t<\/section>\n\t\t\t\t<section class=\"elementor-section elementor-top-section elementor-element elementor-element-b6fb412 elementor-section-boxed elementor-section-height-default elementor-section-height-default\" data-id=\"b6fb412\" data-element_type=\"section\">\n\t\t\t\t\t\t<div class=\"elementor-container elementor-column-gap-default\">\n\t\t\t\t\t<div class=\"elementor-column elementor-col-100 elementor-top-column elementor-element elementor-element-b5f35ab\" data-id=\"b5f35ab\" data-element_type=\"column\" data-settings=\"{&quot;background_background&quot;:&quot;classic&quot;}\">\n\t\t\t<div class=\"elementor-widget-wrap elementor-element-populated\">\n\t\t\t\t\t\t<div class=\"elementor-element elementor-element-7d8044f elementor-widget elementor-widget-heading\" data-id=\"7d8044f\" data-element_type=\"widget\" data-widget_type=\"heading.default\">\n\t\t\t\t<div class=\"elementor-widget-container\">\n\t\t\t<h2 class=\"elementor-heading-title elementor-size-default\">M\u00e9thodes pour faire un don<\/h2>\t\t<\/div>\n\t\t\t\t<\/div>\n\t\t\t\t\t<\/div>\n\t\t<\/div>\n\t\t\t\t\t<\/div>\n\t\t<\/section>\n\t\t\t\t<section class=\"elementor-section elementor-top-section elementor-element elementor-element-020e68a elementor-section-boxed elementor-section-height-default elementor-section-height-default\" data-id=\"020e68a\" data-element_type=\"section\">\n\t\t\t\t\t\t<div class=\"elementor-container elementor-column-gap-default\">\n\t\t\t\t\t<div class=\"elementor-column elementor-col-100 elementor-top-column elementor-element elementor-element-b09893c\" data-id=\"b09893c\" data-element_type=\"column\">\n\t\t\t<div class=\"elementor-widget-wrap elementor-element-populated\">\n\t\t\t\t\t\t<div class=\"elementor-element elementor-element-cdc1643 elementor-widget elementor-widget-accordion\" data-id=\"cdc1643\" data-element_type=\"widget\" data-widget_type=\"accordion.default\">\n\t\t\t\t<div class=\"elementor-widget-container\">\n\t\t\t<style>\/*! elementor - v3.19.0 - 07-02-2024 *\/\n.elementor-accordion{text-align:left}.elementor-accordion .elementor-accordion-item{border:1px solid #d5d8dc}.elementor-accordion .elementor-accordion-item+.elementor-accordion-item{border-top:none}.elementor-accordion .elementor-tab-title{margin:0;padding:15px 20px;font-weight:700;line-height:1;cursor:pointer;outline:none}.elementor-accordion .elementor-tab-title .elementor-accordion-icon{display:inline-block;width:1.5em}.elementor-accordion .elementor-tab-title .elementor-accordion-icon svg{width:1em;height:1em}.elementor-accordion .elementor-tab-title .elementor-accordion-icon.elementor-accordion-icon-right{float:right;text-align:right}.elementor-accordion .elementor-tab-title .elementor-accordion-icon.elementor-accordion-icon-left{float:left;text-align:left}.elementor-accordion .elementor-tab-title .elementor-accordion-icon .elementor-accordion-icon-closed{display:block}.elementor-accordion .elementor-tab-title .elementor-accordion-icon .elementor-accordion-icon-opened,.elementor-accordion .elementor-tab-title.elementor-active .elementor-accordion-icon-closed{display:none}.elementor-accordion .elementor-tab-title.elementor-active .elementor-accordion-icon-opened{display:block}.elementor-accordion .elementor-tab-content{display:none;padding:15px 20px;border-top:1px solid #d5d8dc}@media (max-width:767px){.elementor-accordion .elementor-tab-title{padding:12px 15px}.elementor-accordion .elementor-tab-title .elementor-accordion-icon{width:1.2em}.elementor-accordion .elementor-tab-content{padding:7px 15px}}.e-con-inner>.elementor-widget-accordion,.e-con>.elementor-widget-accordion{width:var(--container-widget-width);--flex-grow:var(--container-widget-flex-grow)}<\/style>\t\t<div class=\"elementor-accordion\">\n\t\t\t\t\t\t\t<div class=\"elementor-accordion-item\">\n\t\t\t\t\t<div id=\"elementor-tab-title-2151\" class=\"elementor-tab-title\" data-tab=\"1\" role=\"button\" aria-controls=\"elementor-tab-content-2151\" aria-expanded=\"false\">\n\t\t\t\t\t\t\t\t\t\t\t\t\t<span class=\"elementor-accordion-icon elementor-accordion-icon-left\" aria-hidden=\"true\">\n\t\t\t\t\t\t\t\t\t\t\t\t\t\t\t<span class=\"elementor-accordion-icon-closed\"><i class=\"fas fa-plus\"><\/i><\/span>\n\t\t\t\t\t\t\t\t<span class=\"elementor-accordion-icon-opened\"><i class=\"fas fa-minus\"><\/i><\/span>\n\t\t\t\t\t\t\t\t\t\t\t\t\t\t<\/span>\n\t\t\t\t\t\t\t\t\t\t\t\t<a class=\"elementor-accordion-title\" tabindex=\"0\">Carte de cr\u00e9dit<\/a>\n\t\t\t\t\t<\/div>\n\t\t\t\t\t<div id=\"elementor-tab-content-2151\" class=\"elementor-tab-content elementor-clearfix\" data-tab=\"1\" role=\"region\" aria-labelledby=\"elementor-tab-title-2151\"><p>Vous pouvez faire votre don par carte bancaire au lien suivant :<\/p><p><a href=\"https:\/\/mwc-cmm.org\/article\/ways-give\">https:\/\/mwc-cmm.org\/article\/ways-give<\/a><\/p><\/div>\n\t\t\t\t<\/div>\n\t\t\t\t\t\t\t<div class=\"elementor-accordion-item\">\n\t\t\t\t\t<div id=\"elementor-tab-title-2152\" class=\"elementor-tab-title\" data-tab=\"2\" role=\"button\" aria-controls=\"elementor-tab-content-2152\" aria-expanded=\"false\">\n\t\t\t\t\t\t\t\t\t\t\t\t\t<span class=\"elementor-accordion-icon elementor-accordion-icon-left\" aria-hidden=\"true\">\n\t\t\t\t\t\t\t\t\t\t\t\t\t\t\t<span class=\"elementor-accordion-icon-closed\"><i class=\"fas fa-plus\"><\/i><\/span>\n\t\t\t\t\t\t\t\t<span class=\"elementor-accordion-icon-opened\"><i class=\"fas fa-minus\"><\/i><\/span>\n\t\t\t\t\t\t\t\t\t\t\t\t\t\t<\/span>\n\t\t\t\t\t\t\t\t\t\t\t\t<a class=\"elementor-accordion-title\" tabindex=\"0\">Pay Pal<\/a>\n\t\t\t\t\t<\/div>\n\t\t\t\t\t<div id=\"elementor-tab-content-2152\" class=\"elementor-tab-content elementor-clearfix\" data-tab=\"2\" role=\"region\" aria-labelledby=\"elementor-tab-title-2152\"><p>Vous pouvez faire votre don au lien suivant :<br \/><br \/><a href=\"https:\/\/www.paypal.com\/donate\/?cmd=_s-xclick&amp;hosted_button_id=SAC37M8MAQNKY&amp;source=url&amp;ssrt=1712336903772\">Cliquez ici pour \u00eatre redirig\u00e9 vers Paypal<\/a><\/p><\/div>\n\t\t\t\t<\/div>\n\t\t\t\t\t\t\t<div class=\"elementor-accordion-item\">\n\t\t\t\t\t<div id=\"elementor-tab-title-2153\" class=\"elementor-tab-title\" data-tab=\"3\" role=\"button\" aria-controls=\"elementor-tab-content-2153\" aria-expanded=\"false\">\n\t\t\t\t\t\t\t\t\t\t\t\t\t<span class=\"elementor-accordion-icon elementor-accordion-icon-left\" aria-hidden=\"true\">\n\t\t\t\t\t\t\t\t\t\t\t\t\t\t\t<span class=\"elementor-accordion-icon-closed\"><i class=\"fas fa-plus\"><\/i><\/span>\n\t\t\t\t\t\t\t\t<span class=\"elementor-accordion-icon-opened\"><i class=\"fas fa-minus\"><\/i><\/span>\n\t\t\t\t\t\t\t\t\t\t\t\t\t\t<\/span>\n\t\t\t\t\t\t\t\t\t\t\t\t<a class=\"elementor-accordion-title\" tabindex=\"0\">Virement bancaire ou ch\u00e8que<\/a>\n\t\t\t\t\t<\/div>\n\t\t\t\t\t<div id=\"elementor-tab-content-2153\" class=\"elementor-tab-content elementor-clearfix\" data-tab=\"3\" role=\"region\" aria-labelledby=\"elementor-tab-title-2153\"><p><strong>VIREMENTS BANCAIRES <br \/><br \/><\/strong><strong>LES USAGES:<\/strong><br \/>Banque\u00a0: Fulton Bank NA<br \/>Adresse de la banque : One Penn Square, Lancaster, PA 17602 \u00c9tats-Unis<br \/>Code SWIFT : FLBKUS33<br \/>Num\u00e9ro d&#039;acheminement (ABA)\u00a0: 031301422<br \/>Num\u00e9ro de compte\u00a0: 3624-38517<br \/>Nom du compte\u00a0: Conf\u00e9rence Mennonite Mondiale<\/p><p><strong>TRANSFERTS BANCAIRES<\/strong><br \/>Num\u00e9ro d&#039;acheminement (ABA)\u00a0: 031301422<br \/>Num\u00e9ro de compte\u00a0: 3624-38517<\/p><p><strong>Par ch\u00e8que<\/strong><br \/>Payable \u00e0 la Conf\u00e9rence Mennonite Mondiale<br \/>Envoyez les ch\u00e8ques tir\u00e9s sur des banques am\u00e9ricaines \u00e0\u00a0:<br \/>Conf\u00e9rence mennonite mondiale<br \/>PO Box 5364, Lancaster, PA 17606-5364 \u00c9tats-Unis<\/p><\/div>\n\t\t\t\t<\/div>\n\t\t\t\t\t\t\t\t<\/div>\n\t\t\t\t<\/div>\n\t\t\t\t<\/div>\n\t\t\t\t\t<\/div>\n\t\t<\/div>\n\t\t\t\t\t<\/div>\n\t\t<\/section>\n\t\t\t\t<\/div>","protected":false},"excerpt":{"rendered":"<p>Dons GAHN s&#039;engage, avec le soutien de la Conf\u00e9rence Mennonite Mondiale, des organisations partenaires et des membres, \u00e0 \u00eatre un r\u00e9seau mondial qui permet \u00e0 toutes les organisations de sant\u00e9 anabaptistes et aux professionnels de la sant\u00e9 de se connecter, de communiquer et de collaborer au nom du Christ. Nous nous effor\u00e7ons de renforcer le t\u00e9moignage de la communaut\u00e9 confessionnelle [\u2026]<\/p>","protected":false},"author":2,"featured_media":0,"parent":0,"menu_order":0,"comment_status":"closed","ping_status":"closed","template":"","meta":{"footnotes":""},"class_list":["post-7040","page","type-page","status-publish","hentry"],"_links":{"self":[{"href":"https:\/\/globalanabaptisthealthnetwork.org\/fr\/wp-json\/wp\/v2\/pages\/7040","targetHints":{"allow":["GET"]}}],"collection":[{"href":"https:\/\/globalanabaptisthealthnetwork.org\/fr\/wp-json\/wp\/v2\/pages"}],"about":[{"href":"https:\/\/globalanabaptisthealthnetwork.org\/fr\/wp-json\/wp\/v2\/types\/page"}],"author":[{"embeddable":true,"href":"https:\/\/globalanabaptisthealthnetwork.org\/fr\/wp-json\/wp\/v2\/users\/2"}],"replies":[{"embeddable":true,"href":"https:\/\/globalanabaptisthealthnetwork.org\/fr\/wp-json\/wp\/v2\/comments?post=7040"}],"version-history":[{"count":13,"href":"https:\/\/globalanabaptisthealthnetwork.org\/fr\/wp-json\/wp\/v2\/pages\/7040\/revisions"}],"predecessor-version":[{"id":7055,"href":"https:\/\/globalanabaptisthealthnetwork.org\/fr\/wp-json\/wp\/v2\/pages\/7040\/revisions\/7055"}],"wp:attachment":[{"href":"https:\/\/globalanabaptisthealthnetwork.org\/fr\/wp-json\/wp\/v2\/media?parent=7040"}],"curies":[{"name":"wp","href":"https:\/\/api.w.org\/{rel}","templated":true}]}}